{"id":57,"date":"2020-02-25T11:51:03","date_gmt":"2020-02-25T11:51:03","guid":{"rendered":"http:\/\/planet-themes.com\/themes\/food\/wp\/demo\/ice-cream\/?page_id=57"},"modified":"2021-01-13T18:51:10","modified_gmt":"2021-01-13T17:51:10","slug":"home-1","status":"publish","type":"page","link":"https:\/\/www.lavialattea.com\/de\/","title":{"rendered":"Home 1"},"content":{"rendered":"<p>\n\t\t\t<!-- START Home REVOLUTION SLIDER 6.2.22 --><p class=\"rs-p-wp-fix\"><\/p>\n\t\t\t<rs-module-wrap id=\"rev_slider_17_1_wrapper\" data-source=\"gallery\" style=\"background:transparent;padding:0;margin:0px auto;margin-top:0;margin-bottom:0;\">\n\t\t\t\t<rs-module id=\"rev_slider_17_1\" style=\"\" data-version=\"6.2.22\">\n\t\t\t\t\t<rs-slides>\n\t\t\t\t\t\t<rs-slide data-key=\"rs-32\" data-title=\"Slide\" data-anim=\"ei:d;eo:d;s:1000;r:0;t:fade;sl:0;\">\n\t\t\t\t\t\t\t<img src=\"\/\/www.lavialattea.com\/de\/wp-content\/plugins\/revslider\/public\/assets\/assets\/transparent.png\" alt=\"Slide\" title=\"Home 1\" class=\"rev-slidebg\" data-no-retina>\n<!--\n\t\t\t\t\t\t\t--><rs-layer\n\t\t\t\t\t\t\t\tid=\"slider-17-slide-32-layer-3\" \n\t\t\t\t\t\t\t\tdata-type=\"text\"\n\t\t\t\t\t\t\t\tdata-color=\"#ffffff\"\n\t\t\t\t\t\t\t\tdata-rsp_ch=\"on\"\n\t\t\t\t\t\t\t\tdata-xy=\"x:17px;y:427px;\"\n\t\t\t\t\t\t\t\tdata-text=\"w:normal;s:37;l:45;ls:2;\"\n\t\t\t\t\t\t\t\tdata-frame_1=\"st:2080;sp:1360;sR:2080;\"\n\t\t\t\t\t\t\t\tdata-frame_999=\"o:0;st:w;sR:5560;\"\n\t\t\t\t\t\t\t\tstyle=\"z-index:11;font-family:Open Sans;\"\n\t\t\t\t\t\t\t>Das italienisch handgemachte Eis \n\t\t\t\t\t\t\t<\/rs-layer><!--\n\n\t\t\t\t\t\t\t--><rs-layer\n\t\t\t\t\t\t\t\tid=\"slider-17-slide-32-layer-4\" \n\t\t\t\t\t\t\t\tdata-type=\"image\"\n\t\t\t\t\t\t\t\tdata-rsp_ch=\"on\"\n\t\t\t\t\t\t\t\tdata-xy=\"x:c;y:c;\"\n\t\t\t\t\t\t\t\tdata-text=\"w:normal;\"\n\t\t\t\t\t\t\t\tdata-dim=\"w:1920px;h:896px;\"\n\t\t\t\t\t\t\t\tdata-frame_1=\"sp:1500;\"\n\t\t\t\t\t\t\t\tdata-frame_999=\"o:0;st:w;sR:7500;\"\n\t\t\t\t\t\t\t\tstyle=\"z-index:9;\"\n\t\t\t\t\t\t\t><img src=\"\/\/www.lavialattea.com\/en\/wp-content\/uploads\/2020\/11\/home-2.jpg\" width=\"2500\" height=\"1167\" data-no-retina> \n\t\t\t\t\t\t\t<\/rs-layer><!--\n\n\t\t\t\t\t\t\t--><rs-layer\n\t\t\t\t\t\t\t\tid=\"slider-17-slide-32-layer-5\" \n\t\t\t\t\t\t\t\tdata-type=\"text\"\n\t\t\t\t\t\t\t\tdata-color=\"#fff\"\n\t\t\t\t\t\t\t\tdata-rsp_ch=\"on\"\n\t\t\t\t\t\t\t\tdata-xy=\"x:16px;y:263px;\"\n\t\t\t\t\t\t\t\tdata-text=\"w:normal;s:170;l:150;ls:-8;\"\n\t\t\t\t\t\t\t\tdata-frame_1=\"st:1300;sp:800;sR:1300;\"\n\t\t\t\t\t\t\t\tdata-frame_999=\"o:0;st:w;sR:6900;\"\n\t\t\t\t\t\t\t\tstyle=\"z-index:10;font-family:Playfair Display;\"\n\t\t\t\t\t\t\t>Seit 1989 \n\t\t\t\t\t\t\t<\/rs-layer><!--\n-->\t\t\t\t\t\t<\/rs-slide>\n\t\t\t\t\t<\/rs-slides>\n\t\t\t\t<\/rs-module>\n\t\t\t\t<script type=\"text\/javascript\">\n\t\t\t\t\tsetREVStartSize({c: 'rev_slider_17_1',rl:[1240,1024,778,480],el:[500],gw:[1240],gh:[500],type:'standard',justify:'',layout:'fullwidth',mh:\"0\"});\n\t\t\t\t\tvar\trevapi17,\n\t\t\t\t\t\ttpj;\n\t\t\t\t\tfunction revinit_revslider171() {\n\t\t\t\t\tjQuery(function() {\n\t\t\t\t\t\ttpj = jQuery;\n\t\t\t\t\t\trevapi17 = tpj(\"#rev_slider_17_1\");\n\t\t\t\t\t\tif(revapi17==undefined || revapi17.revolution == undefined){\n\t\t\t\t\t\t\trevslider_showDoubleJqueryError(\"rev_slider_17_1\");\n\t\t\t\t\t\t}else{\n\t\t\t\t\t\t\trevapi17.revolution({\n\t\t\t\t\t\t\t\tsliderLayout:\"fullwidth\",\n\t\t\t\t\t\t\t\tvisibilityLevels:\"1240,1024,778,480\",\n\t\t\t\t\t\t\t\tgridwidth:1240,\n\t\t\t\t\t\t\t\tgridheight:500,\n\t\t\t\t\t\t\t\tspinner:\"spinner0\",\n\t\t\t\t\t\t\t\tperspective:600,\n\t\t\t\t\t\t\t\tperspectiveType:\"global\",\n\t\t\t\t\t\t\t\teditorheight:\"500,768,960,720\",\n\t\t\t\t\t\t\t\tresponsiveLevels:\"1240,1024,778,480\",\n\t\t\t\t\t\t\t\tprogressBar:{disableProgressBar:true},\n\t\t\t\t\t\t\t\tnavigation: {\n\t\t\t\t\t\t\t\t\tonHoverStop:false\n\t\t\t\t\t\t\t\t},\n\t\t\t\t\t\t\t\tfallbacks: {\n\t\t\t\t\t\t\t\t\tallowHTML5AutoPlayOnAndroid:true\n\t\t\t\t\t\t\t\t},\n\t\t\t\t\t\t\t});\n\t\t\t\t\t\t}\n\t\t\t\t\t\t\n\t\t\t\t\t});\n\t\t\t\t\t} \/\/ End of RevInitScript\n\t\t\t\tvar once_revslider171 = false;\n\t\t\t\tif (document.readyState === \"loading\") {document.addEventListener('readystatechange',function() { if((document.readyState === \"interactive\" || document.readyState === \"complete\") && !once_revslider171 ) { once_revslider171 = true; revinit_revslider171();}});} else {once_revslider171 = true; revinit_revslider171();}\n\t\t\t\t<\/script>\n\t\t\t<\/rs-module-wrap>\n\t\t\t<!-- END REVOLUTION SLIDER -->\n[vc_row][vc_column]<div style=\"background-color:; height: 50px;\" class=\"nicdark_section  \"><\/div>[vc_column_text]<\/p>\n<div class=\"\" style=\"text-align: center;\">\n<div class=\"\">Seit 1989 stellen wir unser abgepacktes Bio-Eis her, die Pioniere des Bio-Eises in Italien.<\/div>\n<div class=\"\">Die Kombinationen von Qualit\u00e4t mit Gesundheit hat uns zur nat\u00fcrlichen Wahl von Bio gef\u00fchrt<\/div>\n<div class=\"\">und eine st\u00e4ndige Suche nach hochwertigen Rohstoffen.<\/div>\n<div class=\"\">Die Trendsetter unserer Branche, immer auf den neuesten Stand der Verbraucherentscheidungen.<\/div>\n<div class=\"\">Unsere Qualit\u00e4t ist Bio, ISO9001, IFS zertifiziert.<\/div>\n<div class=\"\">\n<div><\/div>\n<\/div>\n<\/div>\n<p>[\/vc_column_text][\/vc_column][\/vc_row][vc_row][vc_column]<div style=\"background-color:; height: 40px;\" class=\"nicdark_section  \"><\/div>[\/vc_column][\/vc_row]<\/p>\n","protected":false},"excerpt":{"rendered":"<p>[vc_row][vc_column][vc_column_text] Seit 1989 stellen wir unser abgepacktes Bio-Eis her, die Pioniere des Bio-Eises in Italien. Die Kombinationen von Qualit\u00e4t mit Gesundheit hat uns zur nat\u00fcrlichen Wahl von Bio gef\u00fchrt und eine st\u00e4ndige Suche nach hochwertigen Rohstoffen. Die Trendsetter unserer Branche, immer auf den neuesten Stand der Verbraucherentscheidungen. Unsere Qualit\u00e4t ist Bio, ISO9001, IFS zertifiziert. [\/vc_column_text][\/vc_column][\/vc_row][vc_row][vc_column][\/vc_column][\/vc_row]<\/p>\n","protected":false},"author":4,"featured_media":0,"parent":0,"menu_order":0,"comment_status":"closed","ping_status":"closed","template":"","meta":[],"_links":{"self":[{"href":"https:\/\/www.lavialattea.com\/de\/wp-json\/wp\/v2\/pages\/57"}],"collection":[{"href":"https:\/\/www.lavialattea.com\/de\/wp-json\/wp\/v2\/pages"}],"about":[{"href":"https:\/\/www.lavialattea.com\/de\/wp-json\/wp\/v2\/types\/page"}],"author":[{"embeddable":true,"href":"https:\/\/www.lavialattea.com\/de\/wp-json\/wp\/v2\/users\/4"}],"replies":[{"embeddable":true,"href":"https:\/\/www.lavialattea.com\/de\/wp-json\/wp\/v2\/comments?post=57"}],"version-history":[{"count":28,"href":"https:\/\/www.lavialattea.com\/de\/wp-json\/wp\/v2\/pages\/57\/revisions"}],"predecessor-version":[{"id":15203,"href":"https:\/\/www.lavialattea.com\/de\/wp-json\/wp\/v2\/pages\/57\/revisions\/15203"}],"wp:attachment":[{"href":"https:\/\/www.lavialattea.com\/de\/wp-json\/wp\/v2\/media?parent=57"}],"curies":[{"name":"wp","href":"https:\/\/api.w.org\/{rel}","templated":true}]}}