{"id":2224,"date":"2020-09-21T16:45:06","date_gmt":"2020-09-21T14:45:06","guid":{"rendered":"http:\/\/www.lavialattea.com\/de\/?page_id=2224"},"modified":"2021-03-06T11:58:55","modified_gmt":"2021-03-06T10:58:55","slug":"veganice","status":"publish","type":"page","link":"https:\/\/www.lavialattea.com\/de\/veganice\/","title":{"rendered":"Veganice"},"content":{"rendered":"<p>\n\t\t\t<!-- START veganice REVOLUTION SLIDER 6.2.22 --><p class=\"rs-p-wp-fix\"><\/p>\n\t\t\t<rs-module-wrap id=\"rev_slider_16_1_wrapper\" data-source=\"gallery\" style=\"background:transparent;padding:0;margin:0px auto;margin-top:0;margin-bottom:0;\">\n\t\t\t\t<rs-module id=\"rev_slider_16_1\" style=\"\" data-version=\"6.2.22\">\n\t\t\t\t\t<rs-slides>\n\t\t\t\t\t\t<rs-slide data-key=\"rs-31\" data-title=\"Slide\" data-anim=\"ei:d;eo:d;s:1000;r:0;t:fade;sl:0;\">\n\t\t\t\t\t\t\t<img src=\"\/\/www.lavialattea.com\/de\/wp-content\/plugins\/revslider\/public\/assets\/assets\/transparent.png\" alt=\"Slide\" title=\"Veganice\" class=\"rev-slidebg\" data-no-retina>\n<!--\n\t\t\t\t\t\t\t--><rs-layer\n\t\t\t\t\t\t\t\tid=\"slider-16-slide-31-layer-3\" \n\t\t\t\t\t\t\t\tdata-type=\"text\"\n\t\t\t\t\t\t\t\tdata-color=\"#ffffff\"\n\t\t\t\t\t\t\t\tdata-rsp_ch=\"on\"\n\t\t\t\t\t\t\t\tdata-xy=\"x:41px;y:287px;\"\n\t\t\t\t\t\t\t\tdata-text=\"w:normal;s:55;l:59;ls:2;\"\n\t\t\t\t\t\t\t\tdata-frame_1=\"st:2080;sp:1360;sR:2080;\"\n\t\t\t\t\t\t\t\tdata-frame_999=\"o:0;st:w;sR:5560;\"\n\t\t\t\t\t\t\t\tstyle=\"z-index:10;font-family:Open Sans;\"\n\t\t\t\t\t\t\t>Vegan Bio Eis \n\t\t\t\t\t\t\t<\/rs-layer><!--\n\n\t\t\t\t\t\t\t--><rs-layer\n\t\t\t\t\t\t\t\tid=\"slider-16-slide-31-layer-4\" \n\t\t\t\t\t\t\t\tdata-type=\"image\"\n\t\t\t\t\t\t\t\tdata-rsp_ch=\"on\"\n\t\t\t\t\t\t\t\tdata-xy=\"x:23px;y:147px;\"\n\t\t\t\t\t\t\t\tdata-text=\"w:normal;\"\n\t\t\t\t\t\t\t\tdata-dim=\"w:568px;h:141px;\"\n\t\t\t\t\t\t\t\tdata-frame_1=\"st:1320;sp:800;sR:1320;\"\n\t\t\t\t\t\t\t\tdata-frame_999=\"o:0;st:w;sR:6880;\"\n\t\t\t\t\t\t\t\tstyle=\"z-index:11;\"\n\t\t\t\t\t\t\t><img src=\"\/\/www.lavialattea.com\/en\/wp-content\/uploads\/2020\/10\/logo-veganice-1.png\" width=\"500\" height=\"124\" data-no-retina> \n\t\t\t\t\t\t\t<\/rs-layer><!--\n\n\t\t\t\t\t\t\t--><rs-layer\n\t\t\t\t\t\t\t\tid=\"slider-16-slide-31-layer-5\" \n\t\t\t\t\t\t\t\tdata-type=\"image\"\n\t\t\t\t\t\t\t\tdata-rsp_ch=\"on\"\n\t\t\t\t\t\t\t\tdata-xy=\"x:c;y:c;\"\n\t\t\t\t\t\t\t\tdata-text=\"w:normal;\"\n\t\t\t\t\t\t\t\tdata-dim=\"w:1920px;h:896px;\"\n\t\t\t\t\t\t\t\tdata-frame_1=\"sp:1500;\"\n\t\t\t\t\t\t\t\tdata-frame_999=\"o:0;st:w;sR:7500;\"\n\t\t\t\t\t\t\t\tstyle=\"z-index:9;\"\n\t\t\t\t\t\t\t><img src=\"\/\/www.lavialattea.com\/en\/wp-content\/uploads\/2020\/11\/veganice.jpg\" width=\"2500\" height=\"1167\" data-no-retina> \n\t\t\t\t\t\t\t<\/rs-layer><!--\n-->\t\t\t\t\t\t<\/rs-slide>\n\t\t\t\t\t<\/rs-slides>\n\t\t\t\t<\/rs-module>\n\t\t\t\t<script type=\"text\/javascript\">\n\t\t\t\t\tsetREVStartSize({c: 'rev_slider_16_1',rl:[1240,1024,778,480],el:[500],gw:[1240],gh:[500],type:'standard',justify:'',layout:'fullwidth',mh:\"0\"});\n\t\t\t\t\tvar\trevapi16,\n\t\t\t\t\t\ttpj;\n\t\t\t\t\tfunction revinit_revslider161() {\n\t\t\t\t\tjQuery(function() {\n\t\t\t\t\t\ttpj = jQuery;\n\t\t\t\t\t\trevapi16 = tpj(\"#rev_slider_16_1\");\n\t\t\t\t\t\tif(revapi16==undefined || revapi16.revolution == undefined){\n\t\t\t\t\t\t\trevslider_showDoubleJqueryError(\"rev_slider_16_1\");\n\t\t\t\t\t\t}else{\n\t\t\t\t\t\t\trevapi16.revolution({\n\t\t\t\t\t\t\t\tsliderLayout:\"fullwidth\",\n\t\t\t\t\t\t\t\tvisibilityLevels:\"1240,1024,778,480\",\n\t\t\t\t\t\t\t\tgridwidth:1240,\n\t\t\t\t\t\t\t\tgridheight:500,\n\t\t\t\t\t\t\t\tspinner:\"spinner0\",\n\t\t\t\t\t\t\t\tperspective:600,\n\t\t\t\t\t\t\t\tperspectiveType:\"global\",\n\t\t\t\t\t\t\t\teditorheight:\"500,768,960,720\",\n\t\t\t\t\t\t\t\tresponsiveLevels:\"1240,1024,778,480\",\n\t\t\t\t\t\t\t\tprogressBar:{disableProgressBar:true},\n\t\t\t\t\t\t\t\tnavigation: {\n\t\t\t\t\t\t\t\t\tonHoverStop:false\n\t\t\t\t\t\t\t\t},\n\t\t\t\t\t\t\t\tfallbacks: {\n\t\t\t\t\t\t\t\t\tallowHTML5AutoPlayOnAndroid:true\n\t\t\t\t\t\t\t\t},\n\t\t\t\t\t\t\t});\n\t\t\t\t\t\t}\n\t\t\t\t\t\t\n\t\t\t\t\t});\n\t\t\t\t\t} \/\/ End of RevInitScript\n\t\t\t\tvar once_revslider161 = false;\n\t\t\t\tif (document.readyState === \"loading\") {document.addEventListener('readystatechange',function() { if((document.readyState === \"interactive\" || document.readyState === \"complete\") && !once_revslider161 ) { once_revslider161 = true; revinit_revslider161();}});} else {once_revslider161 = true; revinit_revslider161();}\n\t\t\t\t<\/script>\n\t\t\t<\/rs-module-wrap>\n\t\t\t<!-- END REVOLUTION SLIDER -->\n[vc_row][vc_column]<div style=\"background-color:; height: 30px;\" class=\"nicdark_section  \"><\/div>[vc_column_text]<\/p>\n<div class=\"page\" title=\"Page 2\">\n<div class=\"layoutArea\">\n<h1 class=\"column\" style=\"text-align: center;\">Bio-Eis auf Mandelbasis<\/h1>\n<\/div>\n<div class=\"layoutArea\" style=\"text-align: center;\">\n<div class=\"column\">\n<div class=\"layoutArea\">\n<div class=\"column\">\n<p class=\"\">Aus der idee heraus, ein Produkt ohne Milchderivate zu entwickeln,<br \/>\ndass zur L\u00f6sung von Unvertr\u00e4glichkeits und Verdauungsst\u00f6rung geeignet ist.<br \/>\nDiese Idee wurde geboren die alle Eigenschaften des italienischen Eises bewahrt.<br \/>\nEine sehr hochwertiges Produkt aus der Verarbeitung der sizilianischen Mandel.<br \/>\nAlle verwendeten Zutaten sind Bio zertifiziert.<br \/>\nDie Verpackungen sind 100 % kompostierbar.<\/p>\n<\/div>\n<\/div>\n<\/div>\n<\/div>\n<\/div>\n<p>[\/vc_column_text][\/vc_column][\/vc_row][vc_row full_width=&#8221;stretch_row_content&#8221; css=&#8221;.vc_custom_1603293943596{margin-top: 60px !important;margin-bottom: 60px !important;padding-right: 15px !important;padding-left: 15px !important;}&#8221;][vc_column width=&#8221;1\/5&#8243;]\n\n    <div class=\"  nd_options_section\">\n        \n\n        <div class=\"nd_options_mpopup_gallery\">\n            <a class=\" nd_options_outline_0 nd_options_mpopup_gallery\" href=\"https:\/\/www.lavialattea.com\/de\/wp-content\/uploads\/2020\/11\/vaniglia.jpg\">\n                <img width=\"100%\" alt=\"\" class=\"nd_options_transition_all_08_ease nd_options_opacity_05_hover\" src=\"https:\/\/www.lavialattea.com\/de\/wp-content\/uploads\/2020\/11\/vaniglia.jpg\">\n            <\/a>\n        <\/div>\n\n        \n    <\/div>   \n\n<div style=\"background-color:; height: 20px;\" class=\"nicdark_section  \"><\/div> <h3 style=\"color:#7e7e7e; padding:px; text-align:center; font-size:px; line-height:px; letter-spacing: 2px; font-weight:normal;\" class=\"   nd_options_second_font \">K\u00f6stliches Eis aus Madagaskar-Vanille<\/h3> [\/vc_column][vc_column width=&#8221;1\/5&#8243;]\n\n    <div class=\"  nd_options_section\">\n        \n\n        <div class=\"nd_options_mpopup_gallery\">\n            <a class=\" nd_options_outline_0 nd_options_mpopup_gallery\" href=\"https:\/\/www.lavialattea.com\/de\/wp-content\/uploads\/2020\/11\/cacao.jpg\">\n                <img width=\"100%\" alt=\"\" class=\"nd_options_transition_all_08_ease nd_options_opacity_05_hover\" src=\"https:\/\/www.lavialattea.com\/de\/wp-content\/uploads\/2020\/11\/cacao.jpg\">\n            <\/a>\n        <\/div>\n\n        \n    <\/div>   \n\n<div style=\"background-color:; height: 20px;\" class=\"nicdark_section  \"><\/div> <h3 style=\"color:#7e7e7e; padding:px; text-align:center; font-size:px; line-height:px; letter-spacing: 2px; font-weight:normal;\" class=\"   nd_options_second_font \">Schokoladen-Eis Zartbitter<\/h3> [\/vc_column][vc_column width=&#8221;1\/5&#8243;]\n\n    <div class=\"  nd_options_section\">\n        \n\n        <div class=\"nd_options_mpopup_gallery\">\n            <a class=\" nd_options_outline_0 nd_options_mpopup_gallery\" href=\"https:\/\/www.lavialattea.com\/de\/wp-content\/uploads\/2020\/11\/biscotto.jpg\">\n                <img width=\"100%\" alt=\"\" class=\"nd_options_transition_all_08_ease nd_options_opacity_05_hover\" src=\"https:\/\/www.lavialattea.com\/de\/wp-content\/uploads\/2020\/11\/biscotto.jpg\">\n            <\/a>\n        <\/div>\n\n        \n    <\/div>   \n\n<div style=\"background-color:; height: 20px;\" class=\"nicdark_section  \"><\/div> <h3 style=\"color:#7e7e7e; padding:px; text-align:center; font-size:px; line-height:px; letter-spacing: 2px; font-weight:normal;\" class=\"   nd_options_second_font \">Multipack Vanille-Eis Sandwich<\/h3> [\/vc_column][vc_column width=&#8221;1\/5&#8243;]\n\n    <div class=\"  nd_options_section\">\n        \n\n        <div class=\"nd_options_mpopup_gallery\">\n            <a class=\" nd_options_outline_0 nd_options_mpopup_gallery\" href=\"https:\/\/www.lavialattea.com\/de\/wp-content\/uploads\/2020\/11\/stecco-mango.jpg\">\n                <img width=\"100%\" alt=\"\" class=\"nd_options_transition_all_08_ease nd_options_opacity_05_hover\" src=\"https:\/\/www.lavialattea.com\/de\/wp-content\/uploads\/2020\/11\/stecco-mango.jpg\">\n            <\/a>\n        <\/div>\n\n        \n    <\/div>   \n\n<div style=\"background-color:; height: 30px;\" class=\"nicdark_section  \"><\/div><div style=\"background-color:; height: 40px;\" class=\"nicdark_section  \"><\/div> <h3 style=\"color:#7e7e7e; padding:px; text-align:center; font-size:px; line-height:px; letter-spacing: 2px; font-weight:normal;\" class=\"   nd_options_second_font \">Multipack Mango Sorbet Stiel-Eis<\/h3> [\/vc_column][vc_column width=&#8221;1\/5&#8243;]\n\n    <div class=\"  nd_options_section\">\n        \n\n        <div class=\"nd_options_mpopup_gallery\">\n            <a class=\" nd_options_outline_0 nd_options_mpopup_gallery\" href=\"https:\/\/www.lavialattea.com\/de\/wp-content\/uploads\/2020\/11\/cono.jpg\">\n                <img width=\"100%\" alt=\"\" class=\"nd_options_transition_all_08_ease nd_options_opacity_05_hover\" src=\"https:\/\/www.lavialattea.com\/de\/wp-content\/uploads\/2020\/11\/cono.jpg\">\n            <\/a>\n        <\/div>\n\n        \n    <\/div>   \n\n <h3 style=\"color:#7e7e7e; padding:px; text-align:center; font-size:px; line-height:px; letter-spacing: 2px; font-weight:;\" class=\"   nd_options_second_font \">Multipack Mandel H\u00f6rnchen<\/h3> [\/vc_column][\/vc_row]<\/p>\n","protected":false},"excerpt":{"rendered":"<p>[vc_row][vc_column][vc_column_text] Bio-Eis auf Mandelbasis Aus der idee heraus, ein Produkt ohne Milchderivate zu entwickeln, dass zur L\u00f6sung von Unvertr\u00e4glichkeits und Verdauungsst\u00f6rung geeignet ist. Diese Idee wurde geboren die alle Eigenschaften des italienischen Eises bewahrt. Eine sehr hochwertiges Produkt aus der Verarbeitung der sizilianischen Mandel. Alle verwendeten Zutaten sind Bio zertifiziert. Die Verpackungen sind 100 % [&hellip;]<\/p>\n","protected":false},"author":4,"featured_media":0,"parent":0,"menu_order":0,"comment_status":"closed","ping_status":"closed","template":"","meta":[],"_links":{"self":[{"href":"https:\/\/www.lavialattea.com\/de\/wp-json\/wp\/v2\/pages\/2224"}],"collection":[{"href":"https:\/\/www.lavialattea.com\/de\/wp-json\/wp\/v2\/pages"}],"about":[{"href":"https:\/\/www.lavialattea.com\/de\/wp-json\/wp\/v2\/types\/page"}],"author":[{"embeddable":true,"href":"https:\/\/www.lavialattea.com\/de\/wp-json\/wp\/v2\/users\/4"}],"replies":[{"embeddable":true,"href":"https:\/\/www.lavialattea.com\/de\/wp-json\/wp\/v2\/comments?post=2224"}],"version-history":[{"count":15,"href":"https:\/\/www.lavialattea.com\/de\/wp-json\/wp\/v2\/pages\/2224\/revisions"}],"predecessor-version":[{"id":16062,"href":"https:\/\/www.lavialattea.com\/de\/wp-json\/wp\/v2\/pages\/2224\/revisions\/16062"}],"wp:attachment":[{"href":"https:\/\/www.lavialattea.com\/de\/wp-json\/wp\/v2\/media?parent=2224"}],"curies":[{"name":"wp","href":"https:\/\/api.w.org\/{rel}","templated":true}]}}